{"id":1148,"date":"2023-02-03T14:13:14","date_gmt":"2023-02-03T14:13:14","guid":{"rendered":"https:\/\/konosbcn.com\/serveis\/"},"modified":"2023-06-20T20:35:45","modified_gmt":"2023-06-20T20:35:45","slug":"serveis","status":"publish","type":"page","link":"https:\/\/konosbcn.com\/ca\/serveis\/","title":{"rendered":"SERVEIS"},"content":{"rendered":"\t\t<div data-elementor-type=\"wp-page\" data-elementor-id=\"1148\" class=\"elementor elementor-1148 elementor-321\" data-elementor-post-type=\"page\">\n\t\t\t\t\t\t\t\t\t<section class=\"elementor-section elementor-top-section elementor-element elementor-element-190a461 elementor-section-boxed elementor-section-height-default elementor-section-height-default tf-sticky-section tf-sticky-no\" data-id=\"190a461\" data-element_type=\"section\" data-settings=\"{&quot;tf_sticky&quot;:&quot;no&quot;}\">\n\t\t\t\t\t\t\t<div class=\"elementor-background-overlay\"><\/div>\n\t\t\t\t\t\t\t<div class=\"elementor-container elementor-column-gap-default\">\n\t\t\t\t\t<div class=\"elementor-column elementor-col-100 elementor-top-column elementor-element elementor-element-dbd6977\" data-id=\"dbd6977\" data-element_type=\"column\">\n\t\t\t<div class=\"elementor-widget-wrap elementor-element-populated\">\n\t\t\t\t\t\t\t\t<div class=\"elementor-element elementor-element-1861dfc elementor-widget elementor-widget-image\" data-id=\"1861dfc\" data-element_type=\"widget\" data-widget_type=\"image.default\">\n\t\t\t\t<div class=\"elementor-widget-container\">\n\t\t\t<style>\/*! elementor - v3.17.0 - 08-11-2023 *\/\n.elementor-widget-image{text-align:center}.elementor-widget-image a{display:inline-block}.elementor-widget-image a img[src$=\".svg\"]{width:48px}.elementor-widget-image img{vertical-align:middle;display:inline-block}<\/style>\t\t\t\t\t\t\t\t\t\t\t\t<img decoding=\"async\" src=\"https:\/\/konosbcn.com\/wp-content\/uploads\/2023\/06\/esplugues-1-1.jpeg\" title=\"\" alt=\"\" loading=\"lazy\" \/>\t\t\t\t\t\t\t\t\t\t\t\t\t\t\t<\/div>\n\t\t\t\t<\/div>\n\t\t\t\t<div class=\"elementor-element elementor-element-d652b53 elementor-widget elementor-widget-text-editor\" data-id=\"d652b53\" data-element_type=\"widget\" data-widget_type=\"text-editor.default\">\n\t\t\t\t<div class=\"elementor-widget-container\">\n\t\t\t<style>\/*! elementor - v3.17.0 - 08-11-2023 *\/\n.elementor-widget-text-editor.elementor-drop-cap-view-stacked .elementor-drop-cap{background-color:#69727d;color:#fff}.elementor-widget-text-editor.elementor-drop-cap-view-framed .elementor-drop-cap{color:#69727d;border:3px solid;background-color:transparent}.elementor-widget-text-editor:not(.elementor-drop-cap-view-default) .elementor-drop-cap{margin-top:8px}.elementor-widget-text-editor:not(.elementor-drop-cap-view-default) .elementor-drop-cap-letter{width:1em;height:1em}.elementor-widget-text-editor .elementor-drop-cap{float:left;text-align:center;line-height:1;font-size:50px}.elementor-widget-text-editor .elementor-drop-cap-letter{display:inline-block}<\/style>\t\t\t\t<p>SERVEIS D&#8217;INTERIORISME PER A ESPAIS \u00daNICS<\/p>\n\t\t\t\t\t\t<\/div>\n\t\t\t\t<\/div>\n\t\t\t\t<div class=\"elementor-element elementor-element-13723de elementor-widget elementor-widget-text-editor\" data-id=\"13723de\" data-element_type=\"widget\" data-widget_type=\"text-editor.default\">\n\t\t\t\t<div class=\"elementor-widget-container\">\n\t\t\t\t\t\t\t<div class=\"\">\n<div class=\"\">A Konos Interiorisme oferim un servei integral i personalitzat, cobrint totes les fases del teu projecte de reforma i interiorisme, des del disseny fins a l&#8217;execuci\u00f3 i finalitzaci\u00f3 de l&#8217;obra. <\/div>\n<div class=\"\"> <\/div>\n<div class=\"\">En tot el proc\u00e9s de disseny i execuci\u00f3 del teu projecte, ens assegurem d&#8217;assessorar-te i proposar-te les millors solucions i materials per adaptar-nos a les teves necessitats, est\u00e8tica, funcionalitat i pressupost.<\/div>\n<div class=\"\"> <\/div>\n<div class=\"\">Comptem amb un equip de professionals altament experimentats al sector que s&#8217;encarregar\u00e0 de la direcci\u00f3, coordinaci\u00f3 i execuci\u00f3 de l&#8217;obra amb meticulositat i atenci\u00f3 al detall. El nostre objectiu \u00e9s crear espais \u00fanics i confortables que reflecteixin la personalitat i l&#8217;estil de vida dels nostres clients.<\/div>\n<div class=\"\"> <\/div>\n<div class=\"\">En resum, a Konos Interiorisme treballem per superar les teves expectatives i fer realitat l&#8217;espai dels teus somnis.<\/div>\n<\/div>\n\t\t\t\t\t\t<\/div>\n\t\t\t\t<\/div>\n\t\t\t\t<div class=\"elementor-element elementor-element-85e03b5 elementor-hidden-desktop elementor-hidden-tablet elementor-hidden-mobile elementor-widget elementor-widget-text-editor\" data-id=\"85e03b5\" data-element_type=\"widget\" id=\"servicios-h1\" data-widget_type=\"text-editor.default\">\n\t\t\t\t<div class=\"elementor-widget-container\">\n\t\t\t\t\t\t\t<h1>serveis<\/h1>\n\t\t\t\t\t\t<\/div>\n\t\t\t\t<\/div>\n\t\t\t\t\t<\/div>\n\t\t<\/div>\n\t\t\t\t\t\t\t<\/div>\n\t\t<\/section>\n\t\t\t\t\t\t\t<\/div>\n\t\t","protected":false},"excerpt":{"rendered":"<p>SERVEIS D&#8217;INTERIORISME PER A ESPAIS \u00daNICS A Konos Interiorisme oferim un servei integral i personalitzat, cobrint totes les fases del teu projecte de reforma i interiorisme, des del disseny fins a l&#8217;execuci\u00f3 i finalitzaci\u00f3 de l&#8217;obra. En tot el proc\u00e9s de disseny i execuci\u00f3 del teu projecte, ens assegurem d&#8217;assessorar-te i proposar-te les millors solucions &#8230; <a title=\"SERVEIS\" class=\"read-more\" href=\"https:\/\/konosbcn.com\/ca\/serveis\/\" aria-label=\"More on SERVEIS\">Read more<\/a><\/p>\n","protected":false},"author":1,"featured_media":0,"parent":0,"menu_order":0,"comment_status":"closed","ping_status":"closed","template":"","meta":{"_mi_skip_tracking":false,"_monsterinsights_sitenote_active":false,"_monsterinsights_sitenote_note":"","_monsterinsights_sitenote_category":0,"footnotes":""},"yoast_head":"<!-- This site is optimized with the Yoast SEO plugin v21.5 - https:\/\/yoast.com\/wordpress\/plugins\/seo\/ -->\n<title>Serveis de disseny d&#039;interiors, reformes i rehabilitacions per a particulars a Barcelona | Konos Interiorisme<\/title>\n<meta name=\"description\" content=\"A Barcelona, t&#039;ofereixem serveis de disseny d&#039;interiors, reformes i rehabilitacions personalitzades per a particulars. Converteix el teu llar en un reflex del teu estil i funcionalitat amb els nostres serveis de qualitat. Posa&#039;t en contacte amb nosaltres i d\u00f3na vida a les teves idees de disseny en el lloc que m\u00e9s estimes!\" \/>\n<meta name=\"robots\" content=\"index, follow, max-snippet:-1, max-image-preview:large, max-video-preview:-1\" \/>\n<link rel=\"canonical\" href=\"https:\/\/konosbcn.com\/ca\/serveis\/\" \/>\n<meta property=\"og:locale\" content=\"ca_ES\" \/>\n<meta property=\"og:type\" content=\"article\" \/>\n<meta property=\"og:title\" content=\"Serveis de disseny d&#039;interiors, reformes i rehabilitacions per a particulars a Barcelona | Konos Interiorisme\" \/>\n<meta property=\"og:description\" content=\"A Barcelona, t&#039;ofereixem serveis de disseny d&#039;interiors, reformes i rehabilitacions personalitzades per a particulars. Converteix el teu llar en un reflex del teu estil i funcionalitat amb els nostres serveis de qualitat. Posa&#039;t en contacte amb nosaltres i d\u00f3na vida a les teves idees de disseny en el lloc que m\u00e9s estimes!\" \/>\n<meta property=\"og:url\" content=\"https:\/\/konosbcn.com\/ca\/serveis\/\" \/>\n<meta property=\"og:site_name\" content=\"Konos Interiorisme\" \/>\n<meta property=\"article:modified_time\" content=\"2023-06-20T20:35:45+00:00\" \/>\n<meta property=\"og:image\" content=\"https:\/\/konosbcn.com\/wp-content\/uploads\/2023\/06\/esplugues-1-1.jpeg\" \/>\n<meta name=\"twitter:card\" content=\"summary_large_image\" \/>\n<meta name=\"twitter:label1\" content=\"Temps estimat de lectura\" \/>\n\t<meta name=\"twitter:data1\" content=\"1 minut\" \/>\n<script type=\"application\/ld+json\" class=\"yoast-schema-graph\">{\"@context\":\"https:\/\/schema.org\",\"@graph\":[{\"@type\":\"WebPage\",\"@id\":\"https:\/\/konosbcn.com\/ca\/serveis\/\",\"url\":\"https:\/\/konosbcn.com\/ca\/serveis\/\",\"name\":\"Serveis de disseny d'interiors, reformes i rehabilitacions per a particulars a Barcelona | Konos Interiorisme\",\"isPartOf\":{\"@id\":\"https:\/\/konosbcn.com\/ca\/#website\"},\"datePublished\":\"2023-02-03T14:13:14+00:00\",\"dateModified\":\"2023-06-20T20:35:45+00:00\",\"description\":\"A Barcelona, t'ofereixem serveis de disseny d'interiors, reformes i rehabilitacions personalitzades per a particulars. Converteix el teu llar en un reflex del teu estil i funcionalitat amb els nostres serveis de qualitat. Posa't en contacte amb nosaltres i d\u00f3na vida a les teves idees de disseny en el lloc que m\u00e9s estimes!\",\"breadcrumb\":{\"@id\":\"https:\/\/konosbcn.com\/ca\/serveis\/#breadcrumb\"},\"inLanguage\":\"ca\",\"potentialAction\":[{\"@type\":\"ReadAction\",\"target\":[\"https:\/\/konosbcn.com\/ca\/serveis\/\"]}]},{\"@type\":\"BreadcrumbList\",\"@id\":\"https:\/\/konosbcn.com\/ca\/serveis\/#breadcrumb\",\"itemListElement\":[{\"@type\":\"ListItem\",\"position\":1,\"name\":\"Portada\",\"item\":\"https:\/\/konosbcn.com\/ca\/home\/\"},{\"@type\":\"ListItem\",\"position\":2,\"name\":\"SERVEIS\"}]},{\"@type\":\"WebSite\",\"@id\":\"https:\/\/konosbcn.com\/ca\/#website\",\"url\":\"https:\/\/konosbcn.com\/ca\/\",\"name\":\"Konos Interiorisme\",\"description\":\"\",\"publisher\":{\"@id\":\"https:\/\/konosbcn.com\/ca\/#organization\"},\"potentialAction\":[{\"@type\":\"SearchAction\",\"target\":{\"@type\":\"EntryPoint\",\"urlTemplate\":\"https:\/\/konosbcn.com\/ca\/?s={search_term_string}\"},\"query-input\":\"required name=search_term_string\"}],\"inLanguage\":\"ca\"},{\"@type\":\"Organization\",\"@id\":\"https:\/\/konosbcn.com\/ca\/#organization\",\"name\":\"Konos Interiorisme\",\"url\":\"https:\/\/konosbcn.com\/ca\/\",\"logo\":{\"@type\":\"ImageObject\",\"inLanguage\":\"ca\",\"@id\":\"https:\/\/konosbcn.com\/ca\/#\/schema\/logo\/image\/\",\"url\":\"https:\/\/konosbcn.com\/wp-content\/uploads\/2023\/02\/konos-logo-1.jpg\",\"contentUrl\":\"https:\/\/konosbcn.com\/wp-content\/uploads\/2023\/02\/konos-logo-1.jpg\",\"width\":480,\"height\":183,\"caption\":\"Konos Interiorisme\"},\"image\":{\"@id\":\"https:\/\/konosbcn.com\/ca\/#\/schema\/logo\/image\/\"}}]}<\/script>\n<!-- \/ Yoast SEO plugin. -->","yoast_head_json":{"title":"Serveis de disseny d'interiors, reformes i rehabilitacions per a particulars a Barcelona | Konos Interiorisme","description":"A Barcelona, t'ofereixem serveis de disseny d'interiors, reformes i rehabilitacions personalitzades per a particulars. Converteix el teu llar en un reflex del teu estil i funcionalitat amb els nostres serveis de qualitat. Posa't en contacte amb nosaltres i d\u00f3na vida a les teves idees de disseny en el lloc que m\u00e9s estimes!","robots":{"index":"index","follow":"follow","max-snippet":"max-snippet:-1","max-image-preview":"max-image-preview:large","max-video-preview":"max-video-preview:-1"},"canonical":"https:\/\/konosbcn.com\/ca\/serveis\/","og_locale":"ca_ES","og_type":"article","og_title":"Serveis de disseny d'interiors, reformes i rehabilitacions per a particulars a Barcelona | Konos Interiorisme","og_description":"A Barcelona, t'ofereixem serveis de disseny d'interiors, reformes i rehabilitacions personalitzades per a particulars. Converteix el teu llar en un reflex del teu estil i funcionalitat amb els nostres serveis de qualitat. Posa't en contacte amb nosaltres i d\u00f3na vida a les teves idees de disseny en el lloc que m\u00e9s estimes!","og_url":"https:\/\/konosbcn.com\/ca\/serveis\/","og_site_name":"Konos Interiorisme","article_modified_time":"2023-06-20T20:35:45+00:00","og_image":[{"url":"https:\/\/konosbcn.com\/wp-content\/uploads\/2023\/06\/esplugues-1-1.jpeg"}],"twitter_card":"summary_large_image","twitter_misc":{"Temps estimat de lectura":"1 minut"},"schema":{"@context":"https:\/\/schema.org","@graph":[{"@type":"WebPage","@id":"https:\/\/konosbcn.com\/ca\/serveis\/","url":"https:\/\/konosbcn.com\/ca\/serveis\/","name":"Serveis de disseny d'interiors, reformes i rehabilitacions per a particulars a Barcelona | Konos Interiorisme","isPartOf":{"@id":"https:\/\/konosbcn.com\/ca\/#website"},"datePublished":"2023-02-03T14:13:14+00:00","dateModified":"2023-06-20T20:35:45+00:00","description":"A Barcelona, t'ofereixem serveis de disseny d'interiors, reformes i rehabilitacions personalitzades per a particulars. Converteix el teu llar en un reflex del teu estil i funcionalitat amb els nostres serveis de qualitat. Posa't en contacte amb nosaltres i d\u00f3na vida a les teves idees de disseny en el lloc que m\u00e9s estimes!","breadcrumb":{"@id":"https:\/\/konosbcn.com\/ca\/serveis\/#breadcrumb"},"inLanguage":"ca","potentialAction":[{"@type":"ReadAction","target":["https:\/\/konosbcn.com\/ca\/serveis\/"]}]},{"@type":"BreadcrumbList","@id":"https:\/\/konosbcn.com\/ca\/serveis\/#breadcrumb","itemListElement":[{"@type":"ListItem","position":1,"name":"Portada","item":"https:\/\/konosbcn.com\/ca\/home\/"},{"@type":"ListItem","position":2,"name":"SERVEIS"}]},{"@type":"WebSite","@id":"https:\/\/konosbcn.com\/ca\/#website","url":"https:\/\/konosbcn.com\/ca\/","name":"Konos Interiorisme","description":"","publisher":{"@id":"https:\/\/konosbcn.com\/ca\/#organization"},"potentialAction":[{"@type":"SearchAction","target":{"@type":"EntryPoint","urlTemplate":"https:\/\/konosbcn.com\/ca\/?s={search_term_string}"},"query-input":"required name=search_term_string"}],"inLanguage":"ca"},{"@type":"Organization","@id":"https:\/\/konosbcn.com\/ca\/#organization","name":"Konos Interiorisme","url":"https:\/\/konosbcn.com\/ca\/","logo":{"@type":"ImageObject","inLanguage":"ca","@id":"https:\/\/konosbcn.com\/ca\/#\/schema\/logo\/image\/","url":"https:\/\/konosbcn.com\/wp-content\/uploads\/2023\/02\/konos-logo-1.jpg","contentUrl":"https:\/\/konosbcn.com\/wp-content\/uploads\/2023\/02\/konos-logo-1.jpg","width":480,"height":183,"caption":"Konos Interiorisme"},"image":{"@id":"https:\/\/konosbcn.com\/ca\/#\/schema\/logo\/image\/"}}]}},"_links":{"self":[{"href":"https:\/\/konosbcn.com\/ca\/wp-json\/wp\/v2\/pages\/1148"}],"collection":[{"href":"https:\/\/konosbcn.com\/ca\/wp-json\/wp\/v2\/pages"}],"about":[{"href":"https:\/\/konosbcn.com\/ca\/wp-json\/wp\/v2\/types\/page"}],"author":[{"embeddable":true,"href":"https:\/\/konosbcn.com\/ca\/wp-json\/wp\/v2\/users\/1"}],"replies":[{"embeddable":true,"href":"https:\/\/konosbcn.com\/ca\/wp-json\/wp\/v2\/comments?post=1148"}],"version-history":[{"count":1,"href":"https:\/\/konosbcn.com\/ca\/wp-json\/wp\/v2\/pages\/1148\/revisions"}],"predecessor-version":[{"id":1367,"href":"https:\/\/konosbcn.com\/ca\/wp-json\/wp\/v2\/pages\/1148\/revisions\/1367"}],"wp:attachment":[{"href":"https:\/\/konosbcn.com\/ca\/wp-json\/wp\/v2\/media?parent=1148"}],"curies":[{"name":"wp","href":"https:\/\/api.w.org\/{rel}","templated":true}]}}